{"id":546,"date":"2025-03-18T18:54:38","date_gmt":"2025-03-18T18:54:38","guid":{"rendered":"https:\/\/thebluezone.cl\/?page_id=546"},"modified":"2025-05-19T19:55:41","modified_gmt":"2025-05-19T19:55:41","slug":"nutricion-integrativa-y-funcional","status":"publish","type":"page","link":"https:\/\/thebluezone.cl\/index.php\/nutricion-integrativa-y-funcional\/","title":{"rendered":"Nutrici\u00f3n Integrativa y Funcional"},"content":{"rendered":"\t\t<div data-elementor-type=\"wp-page\" data-elementor-id=\"546\" class=\"elementor elementor-546\" data-elementor-post-type=\"page\">\n\t\t\t\t<div class=\"elementor-element elementor-element-956f792 e-con-full e-flex e-con e-parent\" data-id=\"956f792\" data-element_type=\"container\" data-e-type=\"container\">\n\t\t\t\t<div class=\"elementor-element elementor-element-f1b47fb image elementor-widget elementor-widget-shortcode\" data-id=\"f1b47fb\" data-element_type=\"widget\" data-e-type=\"widget\" data-widget_type=\"shortcode.default\">\n\t\t\t\t<div class=\"elementor-widget-container\">\n\t\t\t\t\t\t\t<div class=\"elementor-shortcode\">\n\t\t\t\t<p class=\"rs-p-wp-fix\"><\/p>\n\t\t\t\t<sr7-module data-alias=\"slider-1-1\" data-id=\"2\" id=\"SR7_2_1\" class=\"rs-ov-hidden\" data-version=\"6.7.29\">\n\t\t\t\t\t<sr7-adjuster><\/sr7-adjuster>\n\t\t\t\t\t<sr7-content>\n\t\t\t\t\t\t<sr7-slide id=\"SR7_2_1-3\" data-key=\"3\">\n\t\t\t\t\t\t\t<sr7-bg id=\"SR7_2_1-3-3\" class=\"sr7-layer\"><noscript><img decoding=\"async\" src=\"https:\/\/thebluezone.cl\/wp-content\/uploads\/2025\/03\/Recurso-2@4x.png\" alt=\"\" title=\"Recurso 2@4x\"><\/noscript><\/sr7-bg>\n\t\t\t\t\t\t\t<sr7-txt id=\"SR7_2_1-3-0\" class=\"sr7-layer\">NUTRICI\u00d3N<br \/>\nINTEGRATIVA?<\/sr7-txt>\n\t\t\t\t\t\t\t<sr7-txt id=\"SR7_2_1-3-1\" class=\"sr7-layer\">\u00bfQUE ES LA<\/sr7-txt>\n\t\t\t\t\t\t\t<sr7-txt id=\"SR7_2_1-3-2\" class=\"sr7-layer\">La Nutrici\u00f3n Integrativa tiene un enfoque hol\u00edstico e individualizado de la persona, indagamos en todos los aspectos del paciente, su salud f\u00edsica, metab\u00f3lica, su estilo de vida; nivel de stress, emociones, exposici\u00f3n a t\u00f3xicos, horas de sue\u00f1o, alimentaci\u00f3n, movimiento, medicaci\u00f3n, etc.<br \/>\n<br \/>\nUtilizamos los alimentos como una herramienta terap\u00e9utica, buscando una nutrici\u00f3n consiente, con alimentos reales, naturales y funcionales, que a su vez tengan baja carga qu\u00edmica y toxica. Favoreciendo asi los procesos fisiologicos y org\u00e1nicos de detoxificaci\u00f3n de cada organismo, promoviendo reestablecer y mantener una adecuada salud y calidad de vida.<\/sr7-txt>\n\t\t\t\t\t\t<\/sr7-slide>\n\t\t\t\t\t\t<sr7-slide id=\"SR7_2_1-4\" data-key=\"4\">\n\t\t\t\t\t\t<\/sr7-slide>\n\t\t\t\t\t<\/sr7-content>\n\t\t\t\t\t<image_lists style=\"display:none\">\n\t\t\t\t\t\t<img data-src=\"\/\/thebluezone.cl\/wp-content\/uploads\/2025\/03\/Recurso-2@4x.png\" data-libid=\"548\" data-lib=\"medialibrary\" title=\"Recurso 2@4x\" width=\"0\" height=\"0\" data-dbsrc=\"Ly90aGVibHVlem9uZS5jbC93cC1jb250ZW50L3VwbG9hZHMvMjAyNS8wMy9SZWN1cnNvLTJANHgucG5n\"\/>\n\t\t\t\t\t<\/image_lists>\n\t\t\t\t<\/sr7-module>\n\t\t\t\t<script>\n\t\t\t\t\tSR7.PMH ??={}; SR7.PMH[\"SR7_2_1\"] = {cn:100,state:false,fn: function() { if (_tpt!==undefined && _tpt.prepareModuleHeight !== undefined) {  _tpt.prepareModuleHeight({id:\"SR7_2_1\",el:[900,900,768,768,720],type:'standard',shdw:'0',gh:[900,900,768,768,720],gw:[1240,1240,1024,1024,480],vpt:['-100px&#039;,&#039;-100px&#039;,&#039;-100px&#039;,&#039;-100px&#039;,&#039;-100px'],size:{fullWidth:true, fullHeight:false},mh:'0',onh:0,onw:0,bg:{color:'{\"orig\":\"transparent\",\"type\":\"solid\",\"string\":\"transparent\"}'},plType:'2',plColor:'#007aff'});   SR7.PMH[\"SR7_2_1\"].state=true;} else if(SR7.PMH[\"SR7_2_1\"].cn-->0)\tsetTimeout( SR7.PMH[\"SR7_2_1\"].fn,19);}};SR7.PMH[\"SR7_2_1\" ].fn();\n\t\t\t\t<\/script>\n<\/div>\n\t\t\t\t\t\t<\/div>\n\t\t\t\t<\/div>\n\t\t\t\t<\/div>\n\t\t<div data-uael-partstyle=\"custom\" data-uael-partcolor=\"\" data-uael-partopacity=\"\" data-uael-partdirection=\"bottom\" data-uael-partdata=\"\" class=\"elementor-element elementor-element-44ff8b5 e-con-full uael-particle-yes e-flex e-con e-parent\" data-id=\"44ff8b5\" data-element_type=\"container\" data-e-type=\"container\" data-settings=\"{&quot;background_background&quot;:&quot;classic&quot;}\">\n\t\t<div class=\"elementor-element elementor-element-64a2571 e-grid e-con-boxed e-con e-child\" data-id=\"64a2571\" data-element_type=\"container\" data-e-type=\"container\">\n\t\t\t\t\t<div class=\"e-con-inner\">\n\t\t\t\t<div class=\"elementor-element elementor-element-8abd3a0 elementor-widget elementor-widget-spacer\" data-id=\"8abd3a0\" data-element_type=\"widget\" data-e-type=\"widget\" data-widget_type=\"spacer.default\">\n\t\t\t\t<div class=\"elementor-widget-container\">\n\t\t\t\t\t\t\t<div class=\"elementor-spacer\">\n\t\t\t<div class=\"elementor-spacer-inner\"><\/div>\n\t\t<\/div>\n\t\t\t\t\t\t<\/div>\n\t\t\t\t<\/div>\n\t\t\t\t<div class=\"elementor-element elementor-element-d66c9da elementor-widget elementor-widget-image\" data-id=\"d66c9da\" data-element_type=\"widget\" data-e-type=\"widget\" data-widget_type=\"image.default\">\n\t\t\t\t<div class=\"elementor-widget-container\">\n\t\t\t\t\t\t\t\t\t\t\t\t\t\t\t<img fetchpriority=\"high\" decoding=\"async\" width=\"783\" height=\"207\" src=\"https:\/\/thebluezone.cl\/wp-content\/uploads\/2025\/04\/HEADER.png\" class=\"attachment-large size-large wp-image-841\" alt=\"\" srcset=\"https:\/\/thebluezone.cl\/wp-content\/uploads\/2025\/04\/HEADER.png 783w, https:\/\/thebluezone.cl\/wp-content\/uploads\/2025\/04\/HEADER-300x79.png 300w, https:\/\/thebluezone.cl\/wp-content\/uploads\/2025\/04\/HEADER-768x203.png 768w, https:\/\/thebluezone.cl\/wp-content\/uploads\/2025\/04\/HEADER-600x159.png 600w\" sizes=\"(max-width: 783px) 100vw, 783px\" \/>\t\t\t\t\t\t\t\t\t\t\t\t\t\t\t<\/div>\n\t\t\t\t<\/div>\n\t\t\t\t\t<\/div>\n\t\t\t\t<\/div>\n\t\t<div class=\"elementor-element elementor-element-c3b51c5 e-grid e-con-boxed e-con e-child\" data-id=\"c3b51c5\" data-element_type=\"container\" data-e-type=\"container\">\n\t\t\t\t\t<div class=\"e-con-inner\">\n\t\t\t\t<div class=\"elementor-element elementor-element-31a6379 elementor-widget elementor-widget-spacer\" data-id=\"31a6379\" data-element_type=\"widget\" data-e-type=\"widget\" data-widget_type=\"spacer.default\">\n\t\t\t\t<div class=\"elementor-widget-container\">\n\t\t\t\t\t\t\t<div class=\"elementor-spacer\">\n\t\t\t<div class=\"elementor-spacer-inner\"><\/div>\n\t\t<\/div>\n\t\t\t\t\t\t<\/div>\n\t\t\t\t<\/div>\n\t\t\t\t<div class=\"elementor-element elementor-element-0ec942c elementor-widget elementor-widget-text-editor\" data-id=\"0ec942c\" data-element_type=\"widget\" data-e-type=\"widget\" data-widget_type=\"text-editor.default\">\n\t\t\t\t<div class=\"elementor-widget-container\">\n\t\t\t\t\t\t\t\t\t<p>Analiza no solo la alimentaci\u00f3n, sino tambi\u00e9n el<br \/>entorno, el nivel de estr\u00e9s, la calidad del sue\u00f1o y<br \/>la actividad f\u00edsica.<br \/>Dise\u00f1a planes de alimentaci\u00f3n personalizados,<br \/>adaptados a las necesidades espec\u00edficas de cada<br \/>persona.<br \/>Utiliza principios de la nutrici\u00f3n funcional para<br \/>identificar deficiencias nutricionales y optimizar<br \/>la salud.<br \/>Puede complementar la alimentaci\u00f3n con<br \/>estrategias naturales como fitoterapia,<br \/>suplementaci\u00f3n y cambios en el estilo de vida.<br \/>Complementa la consulta con tecnolog\u00eda de<br \/>punta para realizar un an\u00e1lisis de tus vitaminas y<br \/>minerales arrojando resultados de forma<br \/>inmediata <strong>\u00abVitastiq\u00bb<\/strong><\/p>\t\t\t\t\t\t\t\t<\/div>\n\t\t\t\t<\/div>\n\t\t\t\t\t<\/div>\n\t\t\t\t<\/div>\n\t\t\t\t<\/div>\n\t\t<div data-uael-partstyle=\"custom\" data-uael-partcolor=\"\" data-uael-partopacity=\"\" data-uael-partdirection=\"bottom\" data-uael-partdata=\"\" class=\"elementor-element elementor-element-9a1208b e-con-full uael-particle-yes e-flex e-con e-parent\" data-id=\"9a1208b\" data-element_type=\"container\" data-e-type=\"container\" data-settings=\"{&quot;background_background&quot;:&quot;classic&quot;}\">\n\t\t<div class=\"elementor-element elementor-element-7309639 e-flex e-con-boxed e-con e-child\" data-id=\"7309639\" data-element_type=\"container\" data-e-type=\"container\">\n\t\t\t\t\t<div class=\"e-con-inner\">\n\t\t\t\t<div class=\"elementor-element elementor-element-4688cdc elementor-widget elementor-widget-image\" data-id=\"4688cdc\" data-element_type=\"widget\" data-e-type=\"widget\" data-widget_type=\"image.default\">\n\t\t\t\t<div class=\"elementor-widget-container\">\n\t\t\t\t\t\t\t\t\t\t\t\t\t\t\t<img decoding=\"async\" width=\"783\" height=\"282\" src=\"https:\/\/thebluezone.cl\/wp-content\/uploads\/2025\/04\/HEADER2.png\" class=\"attachment-large size-large wp-image-851\" alt=\"\" srcset=\"https:\/\/thebluezone.cl\/wp-content\/uploads\/2025\/04\/HEADER2.png 783w, https:\/\/thebluezone.cl\/wp-content\/uploads\/2025\/04\/HEADER2-300x108.png 300w, https:\/\/thebluezone.cl\/wp-content\/uploads\/2025\/04\/HEADER2-768x277.png 768w, https:\/\/thebluezone.cl\/wp-content\/uploads\/2025\/04\/HEADER2-600x216.png 600w\" sizes=\"(max-width: 783px) 100vw, 783px\" \/>\t\t\t\t\t\t\t\t\t\t\t\t\t\t\t<\/div>\n\t\t\t\t<\/div>\n\t\t\t\t<div class=\"elementor-element elementor-element-5f43430 elementor-widget elementor-widget-heading\" data-id=\"5f43430\" data-element_type=\"widget\" data-e-type=\"widget\" data-widget_type=\"heading.default\">\n\t\t\t\t<div class=\"elementor-widget-container\">\n\t\t\t\t\t<h2 class=\"elementor-heading-title elementor-size-default\"><span style=\"color: white\">1. <\/span>Mejora la salud digestiva y fortalece eI sistema inmunologico<br>\n<span style=\"color: white\">2. <\/span>Ayuda en eI control del peso y la prevenci\u00f3n de enfermedades cr\u00f3nicas.<br>\n<span style=\"color: white\">3. <\/span>Aumenta la energ\u00eda y el bienestar emocional.<br>\n<span style=\"color: white\">4. <\/span>Disminuye la inflamaci\u00f3n y mejora eI equilibrio hormonal.<br><\/h2>\t\t\t\t<\/div>\n\t\t\t\t<\/div>\n\t\t\t\t\t<\/div>\n\t\t\t\t<\/div>\n\t\t\t\t<\/div>\n\t\t<div class=\"elementor-element elementor-element-02e5ab1 e-flex e-con-boxed e-con e-parent\" data-id=\"02e5ab1\" data-element_type=\"container\" data-e-type=\"container\" data-settings=\"{&quot;background_background&quot;:&quot;classic&quot;}\">\n\t\t\t\t\t<div class=\"e-con-inner\">\n\t\t\t\t<div class=\"elementor-element elementor-element-1eebf45 elementor-widget elementor-widget-image\" data-id=\"1eebf45\" data-element_type=\"widget\" data-e-type=\"widget\" data-widget_type=\"image.default\">\n\t\t\t\t<div class=\"elementor-widget-container\">\n\t\t\t\t\t\t\t\t\t\t\t\t\t\t\t<img loading=\"lazy\" decoding=\"async\" width=\"783\" height=\"282\" src=\"https:\/\/thebluezone.cl\/wp-content\/uploads\/2025\/04\/HEADI.png\" class=\"attachment-large size-large wp-image-871\" alt=\"\" srcset=\"https:\/\/thebluezone.cl\/wp-content\/uploads\/2025\/04\/HEADI.png 783w, https:\/\/thebluezone.cl\/wp-content\/uploads\/2025\/04\/HEADI-300x108.png 300w, https:\/\/thebluezone.cl\/wp-content\/uploads\/2025\/04\/HEADI-768x277.png 768w, https:\/\/thebluezone.cl\/wp-content\/uploads\/2025\/04\/HEADI-600x216.png 600w\" sizes=\"(max-width: 783px) 100vw, 783px\" \/>\t\t\t\t\t\t\t\t\t\t\t\t\t\t\t<\/div>\n\t\t\t\t<\/div>\n\t\t\t\t<div class=\"elementor-element elementor-element-9572a6a elementor-widget elementor-widget-heading\" data-id=\"9572a6a\" data-element_type=\"widget\" data-e-type=\"widget\" data-widget_type=\"heading.default\">\n\t\t\t\t<div class=\"elementor-widget-container\">\n\t\t\t\t\t<h2 class=\"elementor-heading-title elementor-size-default\">\u00bfQUE ES VITASTIQ?<\/h2>\t\t\t\t<\/div>\n\t\t\t\t<\/div>\n\t\t\t\t<div class=\"elementor-element elementor-element-61ef163 elementor-widget elementor-widget-text-editor\" data-id=\"61ef163\" data-element_type=\"widget\" data-e-type=\"widget\" data-widget_type=\"text-editor.default\">\n\t\t\t\t<div class=\"elementor-widget-container\">\n\t\t\t\t\t\t\t\t\t<p>VITASTIQ es una herramienta basada en el<br \/>electromagnetismo que es capaz de medir los niveles de<br \/>30 vitaminas, minerales esenciales y enzimas en<br \/>diferentes puntos de las manos y otras partes del<br \/>cuerpo, sin la necesidad de realizar ning\u00fan pinchazo.<\/p>\t\t\t\t\t\t\t\t<\/div>\n\t\t\t\t<\/div>\n\t\t\t\t<div class=\"elementor-element elementor-element-efa3341 elementor-widget elementor-widget-image\" data-id=\"efa3341\" data-element_type=\"widget\" data-e-type=\"widget\" data-widget_type=\"image.default\">\n\t\t\t\t<div class=\"elementor-widget-container\">\n\t\t\t\t\t\t\t\t\t\t\t\t\t\t\t<img loading=\"lazy\" decoding=\"async\" width=\"800\" height=\"450\" src=\"https:\/\/thebluezone.cl\/wp-content\/uploads\/2025\/04\/NUTRICION-1-1024x576.png\" class=\"attachment-large size-large wp-image-886\" alt=\"\" srcset=\"https:\/\/thebluezone.cl\/wp-content\/uploads\/2025\/04\/NUTRICION-1-1024x576.png 1024w, https:\/\/thebluezone.cl\/wp-content\/uploads\/2025\/04\/NUTRICION-1-300x169.png 300w, https:\/\/thebluezone.cl\/wp-content\/uploads\/2025\/04\/NUTRICION-1-768x432.png 768w, https:\/\/thebluezone.cl\/wp-content\/uploads\/2025\/04\/NUTRICION-1-1536x864.png 1536w, https:\/\/thebluezone.cl\/wp-content\/uploads\/2025\/04\/NUTRICION-1-2048x1152.png 2048w, https:\/\/thebluezone.cl\/wp-content\/uploads\/2025\/04\/NUTRICION-1-600x338.png 600w\" sizes=\"(max-width: 800px) 100vw, 800px\" \/>\t\t\t\t\t\t\t\t\t\t\t\t\t\t\t<\/div>\n\t\t\t\t<\/div>\n\t\t\t\t\t<\/div>\n\t\t\t\t<\/div>\n\t\t<div class=\"elementor-element elementor-element-848094c e-grid e-con-boxed e-con e-parent\" data-id=\"848094c\" data-element_type=\"container\" data-e-type=\"container\" data-settings=\"{&quot;background_background&quot;:&quot;classic&quot;}\">\n\t\t\t\t\t<div class=\"e-con-inner\">\n\t\t\t\t<div class=\"elementor-element elementor-element-ec866f6 elementor-position-top elementor-widget elementor-widget-image-box\" data-id=\"ec866f6\" data-element_type=\"widget\" data-e-type=\"widget\" data-widget_type=\"image-box.default\">\n\t\t\t\t<div class=\"elementor-widget-container\">\n\t\t\t\t\t<div class=\"elementor-image-box-wrapper\"><figure class=\"elementor-image-box-img\"><img loading=\"lazy\" decoding=\"async\" width=\"67\" height=\"67\" src=\"https:\/\/thebluezone.cl\/wp-content\/uploads\/2025\/04\/Recurso-10.png\" class=\"elementor-animation-grow attachment-full size-full wp-image-1006\" alt=\"\" \/><\/figure><div class=\"elementor-image-box-content\"><h3 class=\"elementor-image-box-title\">Evaluaci\u00f3n personalizada y precisa:<\/h3><p class=\"elementor-image-box-description\">Permite conocer el estado de\nvitaminas y minerales en el\ncuerpo, ayudando a identificar\nposibles deficiencias\nnutricionales de manera\nindividualizada.<\/p><\/div><\/div>\t\t\t\t<\/div>\n\t\t\t\t<\/div>\n\t\t\t\t<div class=\"elementor-element elementor-element-2ab8a53 elementor-position-top elementor-widget elementor-widget-image-box\" data-id=\"2ab8a53\" data-element_type=\"widget\" data-e-type=\"widget\" data-widget_type=\"image-box.default\">\n\t\t\t\t<div class=\"elementor-widget-container\">\n\t\t\t\t\t<div class=\"elementor-image-box-wrapper\"><figure class=\"elementor-image-box-img\"><img loading=\"lazy\" decoding=\"async\" width=\"67\" height=\"67\" src=\"https:\/\/thebluezone.cl\/wp-content\/uploads\/2025\/04\/Recurso-9.png\" class=\"elementor-animation-grow attachment-full size-full wp-image-1005\" alt=\"\" \/><\/figure><div class=\"elementor-image-box-content\"><h3 class=\"elementor-image-box-title\">Monitoreo y seguimiento de la salud:<\/h3><p class=\"elementor-image-box-description\">Facilita un control continuo de\nlos niveles de micronutrientes,\npermitiendo ajustar planes\nnutricionales de acuerdo con la\nevoluci\u00f3n del paciente.<\/p><\/div><\/div>\t\t\t\t<\/div>\n\t\t\t\t<\/div>\n\t\t\t\t<div class=\"elementor-element elementor-element-533675a elementor-position-top elementor-widget elementor-widget-image-box\" data-id=\"533675a\" data-element_type=\"widget\" data-e-type=\"widget\" data-widget_type=\"image-box.default\">\n\t\t\t\t<div class=\"elementor-widget-container\">\n\t\t\t\t\t<div class=\"elementor-image-box-wrapper\"><figure class=\"elementor-image-box-img\"><img loading=\"lazy\" decoding=\"async\" width=\"67\" height=\"67\" src=\"https:\/\/thebluezone.cl\/wp-content\/uploads\/2025\/04\/Recurso-6.png\" class=\"elementor-animation-grow attachment-full size-full wp-image-1004\" alt=\"\" \/><\/figure><div class=\"elementor-image-box-content\"><h3 class=\"elementor-image-box-title\">Enfoque preventivo y optimizaci\u00f3n del bienestar:<\/h3><p class=\"elementor-image-box-description\">Al detectar deficiencias antes\nde que se conviertan en\nproblemas de salud, ayuda a\nprevenir enfermedades\nrelacionadas con la nutrici\u00f3n,\nmejorando la calidad de vida.<\/p><\/div><\/div>\t\t\t\t<\/div>\n\t\t\t\t<\/div>\n\t\t\t\t<div class=\"elementor-element elementor-element-2fec4e2 elementor-position-top elementor-widget elementor-widget-image-box\" data-id=\"2fec4e2\" data-element_type=\"widget\" data-e-type=\"widget\" data-widget_type=\"image-box.default\">\n\t\t\t\t<div class=\"elementor-widget-container\">\n\t\t\t\t\t<div class=\"elementor-image-box-wrapper\"><figure class=\"elementor-image-box-img\"><img loading=\"lazy\" decoding=\"async\" width=\"76\" height=\"67\" src=\"https:\/\/thebluezone.cl\/wp-content\/uploads\/2025\/04\/Recurso-2.png\" class=\"elementor-animation-grow attachment-full size-full wp-image-1003\" alt=\"\" \/><\/figure><div class=\"elementor-image-box-content\"><h3 class=\"elementor-image-box-title\">Proceso r\u00e1pido, no invasivo y sin dolor:<\/h3><p class=\"elementor-image-box-description\">Utiliza tecnolog\u00eda de\nbioimpedancia para medir los\nniveles de nutrientes sin\nnecesidad de an\u00e1lisis de\nsangre, haciendo que la\nconsulta sea m\u00e1s c\u00f3moda y\naccesible para los pacientes.<\/p><\/div><\/div>\t\t\t\t<\/div>\n\t\t\t\t<\/div>\n\t\t\t\t\t<\/div>\n\t\t\t\t<\/div>\n\t\t<div class=\"elementor-element elementor-element-6aac251 elementor-hidden-desktop elementor-hidden-tablet e-flex e-con-boxed e-con e-parent\" data-id=\"6aac251\" data-element_type=\"container\" data-e-type=\"container\" data-settings=\"{&quot;background_background&quot;:&quot;classic&quot;}\">\n\t\t\t\t\t<div class=\"e-con-inner\">\n\t\t\t\t<div class=\"elementor-element elementor-element-26da047 elementor-widget elementor-widget-image\" data-id=\"26da047\" data-element_type=\"widget\" data-e-type=\"widget\" data-widget_type=\"image.default\">\n\t\t\t\t<div class=\"elementor-widget-container\">\n\t\t\t\t\t\t\t\t\t\t\t\t\t\t\t<img loading=\"lazy\" decoding=\"async\" width=\"800\" height=\"450\" src=\"https:\/\/thebluezone.cl\/wp-content\/uploads\/2025\/04\/NUTRICION-2-65-1024x576.png\" class=\"attachment-large size-large wp-image-893\" alt=\"\" srcset=\"https:\/\/thebluezone.cl\/wp-content\/uploads\/2025\/04\/NUTRICION-2-65-1024x576.png 1024w, https:\/\/thebluezone.cl\/wp-content\/uploads\/2025\/04\/NUTRICION-2-65-300x169.png 300w, https:\/\/thebluezone.cl\/wp-content\/uploads\/2025\/04\/NUTRICION-2-65-768x432.png 768w, https:\/\/thebluezone.cl\/wp-content\/uploads\/2025\/04\/NUTRICION-2-65-1536x864.png 1536w, https:\/\/thebluezone.cl\/wp-content\/uploads\/2025\/04\/NUTRICION-2-65-2048x1152.png 2048w, https:\/\/thebluezone.cl\/wp-content\/uploads\/2025\/04\/NUTRICION-2-65-600x338.png 600w\" sizes=\"(max-width: 800px) 100vw, 800px\" \/>\t\t\t\t\t\t\t\t\t\t\t\t\t\t\t<\/div>\n\t\t\t\t<\/div>\n\t\t\t\t\t<\/div>\n\t\t\t\t<\/div>\n\t\t\t\t<\/div>\n\t\t","protected":false},"excerpt":{"rendered":"<p>Analiza no solo la alimentaci\u00f3n, sino tambi\u00e9n elentorno, el nivel de estr\u00e9s, la calidad del sue\u00f1o yla actividad f\u00edsica.Dise\u00f1a planes de alimentaci\u00f3n personalizados,adaptados a las necesidades espec\u00edficas de cadapersona.Utiliza principios de la nutrici\u00f3n funcional paraidentificar deficiencias nutricionales y optimizarla salud.Puede complementar la alimentaci\u00f3n conestrategias naturales como fitoterapia,suplementaci\u00f3n y cambios en el estilo de vida.Complementa la [&hellip;]<\/p>\n","protected":false},"author":1,"featured_media":0,"parent":0,"menu_order":0,"comment_status":"closed","ping_status":"closed","template":"elementor_header_footer","meta":{"inline_featured_image":false,"footnotes":""},"class_list":["post-546","page","type-page","status-publish","hentry"],"_links":{"self":[{"href":"https:\/\/thebluezone.cl\/index.php\/wp-json\/wp\/v2\/pages\/546","targetHints":{"allow":["GET"]}}],"collection":[{"href":"https:\/\/thebluezone.cl\/index.php\/wp-json\/wp\/v2\/pages"}],"about":[{"href":"https:\/\/thebluezone.cl\/index.php\/wp-json\/wp\/v2\/types\/page"}],"author":[{"embeddable":true,"href":"https:\/\/thebluezone.cl\/index.php\/wp-json\/wp\/v2\/users\/1"}],"replies":[{"embeddable":true,"href":"https:\/\/thebluezone.cl\/index.php\/wp-json\/wp\/v2\/comments?post=546"}],"version-history":[{"count":97,"href":"https:\/\/thebluezone.cl\/index.php\/wp-json\/wp\/v2\/pages\/546\/revisions"}],"predecessor-version":[{"id":1324,"href":"https:\/\/thebluezone.cl\/index.php\/wp-json\/wp\/v2\/pages\/546\/revisions\/1324"}],"wp:attachment":[{"href":"https:\/\/thebluezone.cl\/index.php\/wp-json\/wp\/v2\/media?parent=546"}],"curies":[{"name":"wp","href":"https:\/\/api.w.org\/{rel}","templated":true}]}}