{"id":176,"date":"2025-03-10T17:57:37","date_gmt":"2025-03-10T17:57:37","guid":{"rendered":"https:\/\/thebluezone.cl\/?post_type=product&#038;p=176"},"modified":"2025-03-10T17:57:37","modified_gmt":"2025-03-10T17:57:37","slug":"relax-zone","status":"publish","type":"product","link":"https:\/\/thebluezone.cl\/index.php\/producto\/relax-zone\/","title":{"rendered":"Relax Zone"},"content":{"rendered":"<p>Es un tratamiento que consiste en la administraci\u00f3n de sueros a partir de una selecci\u00f3n de vitaminas, minerales y antioxidantes biol\u00f3gicos naturales, seg\u00fan las necesidades espec\u00edficas de cada persona.<\/p>\n","protected":false},"excerpt":{"rendered":"<p>Es un tratamiento que consiste en la administraci\u00f3n de sueros a partir de una selecci\u00f3n de vitaminas, minerales y antioxidantes biol\u00f3gicos naturales, seg\u00fan las necesidades espec\u00edficas de cada persona.<\/p>\n","protected":false},"featured_media":177,"comment_status":"open","ping_status":"closed","template":"","meta":{"inline_featured_image":false},"product_brand":[],"product_cat":[20],"product_tag":[],"class_list":{"0":"post-176","1":"product","2":"type-product","3":"status-publish","4":"has-post-thumbnail","6":"product_cat-tratamientos","8":"first","9":"instock","10":"shipping-taxable","11":"product-type-simple"},"_links":{"self":[{"href":"https:\/\/thebluezone.cl\/index.php\/wp-json\/wp\/v2\/product\/176","targetHints":{"allow":["GET"]}}],"collection":[{"href":"https:\/\/thebluezone.cl\/index.php\/wp-json\/wp\/v2\/product"}],"about":[{"href":"https:\/\/thebluezone.cl\/index.php\/wp-json\/wp\/v2\/types\/product"}],"replies":[{"embeddable":true,"href":"https:\/\/thebluezone.cl\/index.php\/wp-json\/wp\/v2\/comments?post=176"}],"wp:featuredmedia":[{"embeddable":true,"href":"https:\/\/thebluezone.cl\/index.php\/wp-json\/wp\/v2\/media\/177"}],"wp:attachment":[{"href":"https:\/\/thebluezone.cl\/index.php\/wp-json\/wp\/v2\/media?parent=176"}],"wp:term":[{"taxonomy":"product_brand","embeddable":true,"href":"https:\/\/thebluezone.cl\/index.php\/wp-json\/wp\/v2\/product_brand?post=176"},{"taxonomy":"product_cat","embeddable":true,"href":"https:\/\/thebluezone.cl\/index.php\/wp-json\/wp\/v2\/product_cat?post=176"},{"taxonomy":"product_tag","embeddable":true,"href":"https:\/\/thebluezone.cl\/index.php\/wp-json\/wp\/v2\/product_tag?post=176"}],"curies":[{"name":"wp","href":"https:\/\/api.w.org\/{rel}","templated":true}]}}